{"id":21,"date":"2022-02-02T11:03:46","date_gmt":"2022-02-02T11:03:46","guid":{"rendered":"https:\/\/menpieces.com\/?page_id=21"},"modified":"2024-11-22T07:32:32","modified_gmt":"2024-11-22T07:32:32","slug":"about-us","status":"publish","type":"page","link":"https:\/\/menpieces.com\/br\/about-us\/","title":{"rendered":"Sobre N\u00f3s"},"content":{"rendered":"<h3 id=\"menpiecess-homens-e-moda-estilo-se-unem-para-ser-um-homem-melhor\" style=\"text-align: center;\"><strong>MenPiecess &#8211; Homens e Moda Estilo se unem para ser um Homem melhor.<\/strong><\/h3>\n<p><a href=\"https:\/\/menpieces.com\/\"><strong>MenPieces<\/strong><\/a> tem tudo a ver com melhorar o estilo da moda masculina. Com a moda, queremos simplesmente mostrar como todo homem deve se dar ao luxo de ter uma boa apar\u00eancia e eleg\u00e2ncia enquanto veste suas roupas e acess\u00f3rios. Queremos compartilhar como os homens devem se estilizar de acordo com sua idade, ocasi\u00e3o, esta\u00e7\u00e3o e atividade que desejam seguir. Estar confort\u00e1vel, confiante e elegante quando voc\u00ea se veste \u00e9 o que a moda masculina significa.<\/p>\n<p><a href=\"https:\/\/menpieces.com\/\"><strong>MenPieces<\/strong><\/a> tem como objetivo compartilhar o conte\u00fado de moda e estilo de vida de roupas masculinas sem confundir os homens com seus looks, pois eles querem experimentar novas pe\u00e7as de moda. Vamos abordar a \u00faltima moda masculina, compras e como misturar e combinar o que voc\u00ea j\u00e1 tem em seu guarda-roupa. N\u00e3o importa a sua idade, voc\u00ea encontrar\u00e1 o que realmente combina com voc\u00ea apenas explorando as op\u00e7\u00f5es.<\/p>\n<p>Os artigos do blog <a href=\"https:\/\/menpieces.com\/\"><em>MenPieces.com<\/em><\/a> apresentar\u00e3o <em><strong>roupas masculinas<\/strong><\/em> cl\u00e1ssicas, <em><strong>sapatos<\/strong><\/em>, <em><strong>rel\u00f3gios<\/strong><\/em>, <em><strong>acess\u00f3rios<\/strong><\/em> e <em><strong>estilo<\/strong><\/em>. Melhorar o estilo dos homens e como eles podem ser confort\u00e1veis \u200b\u200be elegantes com roupas masculinas, jaquetas, casacos, camisas, cal\u00e7as, sapatos, rel\u00f3gios, bolsas, acess\u00f3rios e muito mais.<\/p>\n<p>&nbsp;<\/p>\n<p>&nbsp;<\/p>\n<p style=\"text-align: center;\">This website is managed and owned by: <strong><a href=\"https:\/\/hattradedesk.com\/\" target=\"_blank\" rel=\"noopener\">Hat SRL<\/a><br \/>\nHat Trade Desk<br \/>\n<\/strong>\u00a0Partita IVA: 02336070681 &#8211; VIA LUNGATERNO SUD 52, 65127 PESCARA PE<br \/>\n<a href=\"https:\/\/hattradedesk.com\/\" target=\"_blank\" rel=\"noopener\">hattradedesk.com<\/a><br \/>\nhattradedesk@gmail.com<\/p>\n","protected":false},"excerpt":{"rendered":"<p>MenPiecess &#8211; Homens e Moda Estilo se unem para ser um Homem melhor. MenPieces tem tudo a ver com melhorar o estilo da moda masculina. Com a moda, queremos simplesmente&hellip;<\/p>\n","protected":false},"author":1,"featured_media":0,"parent":0,"menu_order":0,"comment_status":"closed","ping_status":"closed","template":"","meta":{"footnotes":""},"class_list":["post-21","page","type-page","status-publish"],"_links":{"self":[{"href":"https:\/\/menpieces.com\/br\/wp-json\/wp\/v2\/pages\/21","targetHints":{"allow":["GET"]}}],"collection":[{"href":"https:\/\/menpieces.com\/br\/wp-json\/wp\/v2\/pages"}],"about":[{"href":"https:\/\/menpieces.com\/br\/wp-json\/wp\/v2\/types\/page"}],"author":[{"embeddable":true,"href":"https:\/\/menpieces.com\/br\/wp-json\/wp\/v2\/users\/1"}],"replies":[{"embeddable":true,"href":"https:\/\/menpieces.com\/br\/wp-json\/wp\/v2\/comments?post=21"}],"version-history":[{"count":5,"href":"https:\/\/menpieces.com\/br\/wp-json\/wp\/v2\/pages\/21\/revisions"}],"predecessor-version":[{"id":682,"href":"https:\/\/menpieces.com\/br\/wp-json\/wp\/v2\/pages\/21\/revisions\/682"}],"wp:attachment":[{"href":"https:\/\/menpieces.com\/br\/wp-json\/wp\/v2\/media?parent=21"}],"curies":[{"name":"wp","href":"https:\/\/api.w.org\/{rel}","templated":true}]}}