{"id":21,"date":"2022-02-02T11:03:46","date_gmt":"2022-02-02T11:03:46","guid":{"rendered":"https:\/\/menpieces.com\/de\/uber-uns"},"modified":"2022-03-26T15:41:54","modified_gmt":"2022-03-26T15:41:54","slug":"uber-uns","status":"publish","type":"page","link":"https:\/\/menpieces.com\/de\/uber-uns\/","title":{"rendered":"\u00dcber uns"},"content":{"rendered":"<h3 id=\"men-pieces-men-and-fashion-style-vereint-sich-um-ein-besserer-mann-zu-sein\"><span class=\"\">Men Pieces \u2013 Men and Fashion Style vereint sich, um ein besserer Mann zu sein.<\/span><\/h3>\n<p><a href=\"https:\/\/menpieces.com\"><strong>Bei MenPieces<\/strong><\/a>\u00a0geht es darum, den Modestil der M\u00e4nner zu verbessern.\u00a0Mit Mode wollen wir einfach zeigen, wie jeder Mann den Luxus genie\u00dfen sollte, gut und elegant auszusehen, wenn er seine Kleidung und Accessoires tr\u00e4gt.\u00a0Wir m\u00f6chten zeigen, wie M\u00e4nner sich je nach Alter, Anlass, Jahreszeit und Aktivit\u00e4t stylen sollten.\u00a0Bequem, selbstbewusst und elegant gekleidet zu sein, darum geht es in der Herrenmode.<\/p>\n<p><a href=\"https:\/\/menpieces.com\"><strong>MenPieces<\/strong><\/a>\u00a0zielt darauf ab, den Inhalt f\u00fcr Herrenbekleidung, Mode und Lifestyle zu teilen, ohne M\u00e4nner mit ihrem Aussehen zu verwirren, wenn sie neue Modest\u00fccke ausprobieren m\u00f6chten.\u00a0Wir werden uns mit der neuesten Herrenmode, dem Einkaufen und dem Kombinieren dessen befassen, was Sie bereits in ihrer Garderobe haben.\u00a0<span class=\"goog-text-highlight\">Es spielt keine Rolle, wie alt Sie sind, Sie werden finden, was wirklich zu Ihnen passt, indem Sie einfach nach Optionen suchen.<\/span><\/p>\n<p><a href=\"https:\/\/menpieces.com\"><em>Die Blog-Artikel von MenPieces.com<\/em><\/a>\u00a0werden klassische<em><strong>\u00a0Herrenbekleidung<\/strong><\/em>\u00a0,<em><strong>\u00a0Schuhe<\/strong><\/em>\u00a0,<em><strong>\u00a0Uhren<\/strong><\/em>\u00a0,<em><strong>\u00a0Accessoires und Stil<\/strong><\/em>\u00a0beinhalten .\u00a0Verbesserung des M\u00e4nnerstils und wie sie sich wohlf\u00fchlen und schick aussehen k\u00f6nnen mit Herrenbekleidung,<em>\u00a0Jacken<\/em>\u00a0,<em>\u00a0M\u00e4nteln<\/em>\u00a0,<em>\u00a0Hemden<\/em>\u00a0,<em>\u00a0Hosen<\/em>\u00a0,<em>\u00a0Schuhen<\/em>\u00a0,<em>\u00a0Uhren<\/em>\u00a0,<em>\u00a0Taschen<\/em>\u00a0,<em>\u00a0Accessoires<\/em>\u00a0und mehr.<\/p>\n","protected":false},"excerpt":{"rendered":"<p>Men Pieces \u2013 Men and Fashion Style vereint sich, um ein besserer Mann zu sein. Bei MenPieces\u00a0geht es darum, den Modestil der M\u00e4nner zu verbessern.\u00a0Mit Mode wollen wir einfach zeigen,&hellip;<\/p>\n","protected":false},"author":1,"featured_media":0,"parent":0,"menu_order":0,"comment_status":"closed","ping_status":"closed","template":"","meta":{"footnotes":""},"class_list":["post-21","page","type-page","status-publish"],"_links":{"self":[{"href":"https:\/\/menpieces.com\/de\/wp-json\/wp\/v2\/pages\/21","targetHints":{"allow":["GET"]}}],"collection":[{"href":"https:\/\/menpieces.com\/de\/wp-json\/wp\/v2\/pages"}],"about":[{"href":"https:\/\/menpieces.com\/de\/wp-json\/wp\/v2\/types\/page"}],"author":[{"embeddable":true,"href":"https:\/\/menpieces.com\/de\/wp-json\/wp\/v2\/users\/1"}],"replies":[{"embeddable":true,"href":"https:\/\/menpieces.com\/de\/wp-json\/wp\/v2\/comments?post=21"}],"version-history":[{"count":2,"href":"https:\/\/menpieces.com\/de\/wp-json\/wp\/v2\/pages\/21\/revisions"}],"predecessor-version":[{"id":405,"href":"https:\/\/menpieces.com\/de\/wp-json\/wp\/v2\/pages\/21\/revisions\/405"}],"wp:attachment":[{"href":"https:\/\/menpieces.com\/de\/wp-json\/wp\/v2\/media?parent=21"}],"curies":[{"name":"wp","href":"https:\/\/api.w.org\/{rel}","templated":true}]}}