{"id":21,"date":"2022-02-02T11:03:46","date_gmt":"2022-02-02T11:03:46","guid":{"rendered":"https:\/\/menpieces.com\/?page_id=21"},"modified":"2022-03-21T07:21:56","modified_gmt":"2022-03-21T07:21:56","slug":"about-us","status":"publish","type":"page","link":"https:\/\/menpieces.com\/fr\/about-us\/","title":{"rendered":"\u00c0 Propos de Nous"},"content":{"rendered":"<h3 style=\"text-align: center;\">Men Pieces &#8211; Men and Fashion Style s&#8217;unissent pour \u00eatre un homme meilleur.<\/h3>\n<p><a href=\"https:\/\/menpieces.com\/\"><strong>MenPieces<\/strong><\/a> vise \u00e0 am\u00e9liorer le style de la mode masculine. Avec la mode, nous voulons simplement montrer comment chaque homme devrait profiter du luxe d&#8217;\u00eatre beau et \u00e9l\u00e9gant lorsqu&#8217;il porte ses v\u00eatements et ses accessoires. Nous voulons partager comment les hommes doivent se coiffer en fonction de leur \u00e2ge, de l&#8217;occasion, de la saison et de l&#8217;activit\u00e9 qu&#8217;ils souhaitent pratiquer. \u00catre \u00e0 l&#8217;aise, confiant et pointu lorsque vous vous habillez, c&#8217;est la raison d&#8217;\u00eatre de la mode masculine.<\/p>\n<p><a href=\"https:\/\/menpieces.com\/\"><strong>MenPieces<\/strong><\/a> vise \u00e0 partager le contenu de la mode et du style de vie des v\u00eatements pour hommes sans confondre les hommes avec leur apparence car ils veulent essayer de nouvelles pi\u00e8ces de mode. Nous aborderons la derni\u00e8re mode masculine, le shopping et comment m\u00e9langer et assortir ce que vous avez d\u00e9j\u00e0 dans leur garde-robe. Peu importe votre \u00e2ge, vous trouverez ce qui vous convient vraiment en explorant simplement les options.<\/p>\n<p>Les articles du blog <a href=\"https:\/\/menpieces.com\/\"><em>MenPieces.com<\/em><\/a> pr\u00e9senteront <em><strong>des v\u00eatements<\/strong><\/em>, <em><strong>des chaussures<\/strong><\/em>, <em><strong>des montres<\/strong><\/em>, <em><strong>des accessoires<\/strong><\/em> et du style pour hommes classiques. Am\u00e9liorez le style des hommes et comment ils peuvent \u00eatre confortables et \u00e9l\u00e9gants avec des v\u00eatements pour hommes, des vestes, des manteaux, des chemises, des pantalons, des chaussures, des montres, des sacs, des accessoires et plus encore.<\/p>\n","protected":false},"excerpt":{"rendered":"<p>Men Pieces &#8211; Men and Fashion Style s&#8217;unissent pour \u00eatre un homme meilleur. MenPieces vise \u00e0 am\u00e9liorer le style de la mode masculine. Avec la mode, nous voulons simplement montrer&hellip;<\/p>\n","protected":false},"author":1,"featured_media":0,"parent":0,"menu_order":0,"comment_status":"closed","ping_status":"closed","template":"","meta":{"footnotes":""},"class_list":["post-21","page","type-page","status-publish"],"_links":{"self":[{"href":"https:\/\/menpieces.com\/fr\/wp-json\/wp\/v2\/pages\/21","targetHints":{"allow":["GET"]}}],"collection":[{"href":"https:\/\/menpieces.com\/fr\/wp-json\/wp\/v2\/pages"}],"about":[{"href":"https:\/\/menpieces.com\/fr\/wp-json\/wp\/v2\/types\/page"}],"author":[{"embeddable":true,"href":"https:\/\/menpieces.com\/fr\/wp-json\/wp\/v2\/users\/1"}],"replies":[{"embeddable":true,"href":"https:\/\/menpieces.com\/fr\/wp-json\/wp\/v2\/comments?post=21"}],"version-history":[{"count":4,"href":"https:\/\/menpieces.com\/fr\/wp-json\/wp\/v2\/pages\/21\/revisions"}],"predecessor-version":[{"id":400,"href":"https:\/\/menpieces.com\/fr\/wp-json\/wp\/v2\/pages\/21\/revisions\/400"}],"wp:attachment":[{"href":"https:\/\/menpieces.com\/fr\/wp-json\/wp\/v2\/media?parent=21"}],"curies":[{"name":"wp","href":"https:\/\/api.w.org\/{rel}","templated":true}]}}