{"id":21,"date":"2022-02-02T11:03:46","date_gmt":"2022-02-02T11:03:46","guid":{"rendered":"https:\/\/menpieces.com\/?page_id=21"},"modified":"2022-03-21T07:34:21","modified_gmt":"2022-03-21T07:34:21","slug":"about-us","status":"publish","type":"page","link":"https:\/\/menpieces.com\/it\/about-us\/","title":{"rendered":"Chi Siamo"},"content":{"rendered":"<h3 id=\"men-pieces-uomo-e-fashion-style-si-uniscono-per-essere-un-uomo-migliore\" style=\"text-align: center;\">Men Pieces &#8211; Uomo e Fashion Style si uniscono per essere un uomo migliore.<\/h3>\n<p><a href=\"https:\/\/menpieces.com\/\"><strong>MenPieces<\/strong><\/a> mira a migliorare lo stile della moda maschile. Con la moda, vogliamo semplicemente mostrare come ogni uomo dovrebbe godersi il lusso di apparire bello ed elegante mentre indossa i suoi vestiti e accessori. Vogliamo condividere come gli uomini dovrebbero modellarsi in base alla loro et\u00e0, occasione, stagione e attivit\u00e0 con cui vogliono andare. Essere a proprio agio, sicuri di s\u00e9 e alla moda quando ci si veste elegante \u00e8 ci\u00f2 che riguarda la moda maschile.<\/p>\n<p><a href=\"https:\/\/menpieces.com\/\"><strong>MenPieces<\/strong><\/a> mira a condividere i contenuti per la moda e lo stile di vita dell&#8217;abbigliamento maschile senza confondere gli uomini con il loro aspetto perch\u00e9 vogliono provare nuovi pezzi di moda. Ci occuperemo dell&#8217;ultima moda maschile, dello shopping e di come mescolare e abbinare ci\u00f2 che hai gi\u00e0 nel loro guardaroba. Non importa che et\u00e0 hai, troverai ci\u00f2 che fa per te semplicemente esplorando le opzioni.<\/p>\n<p>Gli articoli del blog di <a href=\"https:\/\/menpieces.com\/\"><em>MenPieces.com<\/em><\/a> presenteranno <strong><em>abbigliamento classico maschile<\/em><\/strong>, <em><strong>scarpe<\/strong><\/em>, <em><strong>orologi<\/strong><\/em>, <em><strong>accessori<\/strong><\/em> e <em><strong>stile<\/strong><\/em>. Migliorare lo stile degli uomini e come possono essere comodi e avere un aspetto elegante con abbigliamento maschile, giacche, cappotti, camicie, pantaloni, scarpe, orologi, borse, accessori e altro ancora.<\/p>\n","protected":false},"excerpt":{"rendered":"<p>Men Pieces &#8211; Uomo e Fashion Style si uniscono per essere un uomo migliore. MenPieces mira a migliorare lo stile della moda maschile. Con la moda, vogliamo semplicemente mostrare come&hellip;<\/p>\n","protected":false},"author":1,"featured_media":0,"parent":0,"menu_order":0,"comment_status":"closed","ping_status":"closed","template":"","meta":{"footnotes":""},"class_list":["post-21","page","type-page","status-publish"],"_links":{"self":[{"href":"https:\/\/menpieces.com\/it\/wp-json\/wp\/v2\/pages\/21","targetHints":{"allow":["GET"]}}],"collection":[{"href":"https:\/\/menpieces.com\/it\/wp-json\/wp\/v2\/pages"}],"about":[{"href":"https:\/\/menpieces.com\/it\/wp-json\/wp\/v2\/types\/page"}],"author":[{"embeddable":true,"href":"https:\/\/menpieces.com\/it\/wp-json\/wp\/v2\/users\/1"}],"replies":[{"embeddable":true,"href":"https:\/\/menpieces.com\/it\/wp-json\/wp\/v2\/comments?post=21"}],"version-history":[{"count":3,"href":"https:\/\/menpieces.com\/it\/wp-json\/wp\/v2\/pages\/21\/revisions"}],"predecessor-version":[{"id":398,"href":"https:\/\/menpieces.com\/it\/wp-json\/wp\/v2\/pages\/21\/revisions\/398"}],"wp:attachment":[{"href":"https:\/\/menpieces.com\/it\/wp-json\/wp\/v2\/media?parent=21"}],"curies":[{"name":"wp","href":"https:\/\/api.w.org\/{rel}","templated":true}]}}