{"id":21,"date":"2022-02-02T11:03:46","date_gmt":"2022-02-02T11:03:46","guid":{"rendered":"https:\/\/menpieces.com\/?page_id=21"},"modified":"2022-05-20T13:33:59","modified_gmt":"2022-05-20T13:33:59","slug":"about-us","status":"publish","type":"page","link":"https:\/\/menpieces.com\/pl\/about-us\/","title":{"rendered":"O nas"},"content":{"rendered":"<h3 id=\"men-pieces-mezczyzni-i-fashion-style-lacza-sie-aby-byc-lepszym-mezczyzna\"><span>Men Pieces \u2013 M\u0119\u017cczy\u017ani i Fashion Style \u0142\u0105cz\u0105 si\u0119, aby by\u0107 lepszym m\u0119\u017cczyzn\u0105.<\/span><\/h3>\n<p><a href=\"https:\/\/translate.google.com\/website?sl=en&amp;tl=pl&amp;hl=en&amp;client=webapp&amp;u=https:\/\/menpieces.com\/\" rel=\"\"><strong><span>MenPieces<\/span><\/strong><\/a><span>\u00a0ma na celu popraw\u0119 stylu mody m\u0119skiej.\u00a0W modzie chcemy po prostu pokaza\u0107, jak ka\u017cdy m\u0119\u017cczyzna powinien cieszy\u0107 si\u0119 luksusem dobrego i eleganckiego wygl\u0105du, gdy nosi swoje ubrania i dodatki.\u00a0Chcemy podzieli\u0107 si\u0119 tym, jak m\u0119\u017cczy\u017ani powinni stylizowa\u0107 si\u0119 w zale\u017cno\u015bci od wieku, okazji, pory roku i aktywno\u015bci, z kt\u00f3r\u0105 chc\u0105 si\u0119 wybra\u0107.\u00a0W modzie m\u0119skiej chodzi o wygod\u0119, pewno\u015b\u0107 siebie i elegancj\u0119 podczas ubierania si\u0119.<\/span><\/p>\n<p><a href=\"https:\/\/translate.google.com\/website?sl=en&amp;tl=pl&amp;hl=en&amp;client=webapp&amp;u=https:\/\/menpieces.com\/\" rel=\"\"><strong><span>MenPieces<\/span><\/strong><\/a><span>\u00a0ma na celu udost\u0119pnianie tre\u015bci dotycz\u0105cych mody m\u0119skiej i stylu \u017cycia bez mylenia m\u0119\u017cczyzn ze swoim wygl\u0105dem, kt\u00f3rzy chc\u0105 wypr\u00f3bowa\u0107 nowe elementy mody.\u00a0Zajmiemy si\u0119 najnowsz\u0105 mod\u0105 m\u0119sk\u0105, zakupami oraz tym, jak miesza\u0107 i dopasowywa\u0107 to, co ju\u017c masz w swojej garderobie.\u00a0Nie ma znaczenia, w jakim jeste\u015b wieku, znajdziesz to, co naprawd\u0119 Ci odpowiada, po prostu szukaj\u0105c opcji.<\/span><\/p>\n<p><a href=\"https:\/\/translate.google.com\/website?sl=en&amp;tl=pl&amp;hl=en&amp;client=webapp&amp;u=https:\/\/menpieces.com\/\" rel=\"\"><em><span>Artyku\u0142y na blogu MenPieces.com<\/span><\/em><\/a><span>\u00a0b\u0119d\u0105 zawiera\u0107 klasyczne<\/span><em><strong><span>\u00a0m\u0119skie ubrania<\/span><\/strong><\/em><span>\u00a0,<\/span><em><strong><span>\u00a0buty<\/span><\/strong><\/em><span>\u00a0,<\/span><em><strong><span>\u00a0zegarki<\/span><\/strong><\/em><span>\u00a0,<\/span><em><strong><span>\u00a0dodatki i styl<\/span><\/strong><\/em><span>\u00a0.\u00a0Poprawa m\u0119skiego stylu i tego, jak mog\u0105 by\u0107 wygodne i wygl\u0105da\u0107 ostro dzi\u0119ki m\u0119skiej odzie\u017cy,<\/span><em><span>\u00a0kurtkom<\/span><\/em><span>\u00a0,<\/span><em><span>\u00a0p\u0142aszczom<\/span><\/em><span>\u00a0,<\/span><em><span>\u00a0koszulom<\/span><\/em><span>\u00a0,<\/span><em><span>\u00a0spodniom<\/span><\/em><span>\u00a0,<em>\u00a0butom<\/em>\u00a0,<\/span><em><span>\u00a0zegarkom<\/span><\/em><span>\u00a0,<\/span><em><span>\u00a0torebkom<\/span><\/em><span>\u00a0,<em>\u00a0akcesoriom<\/em>\u00a0i nie tylko.<\/span><\/p>\n","protected":false},"excerpt":{"rendered":"<p>Men Pieces \u2013 M\u0119\u017cczy\u017ani i Fashion Style \u0142\u0105cz\u0105 si\u0119, aby by\u0107 lepszym m\u0119\u017cczyzn\u0105. MenPieces\u00a0ma na celu popraw\u0119 stylu mody m\u0119skiej.\u00a0W modzie chcemy po prostu pokaza\u0107, jak ka\u017cdy m\u0119\u017cczyzna powinien cieszy\u0107&hellip;<\/p>\n","protected":false},"author":1,"featured_media":0,"parent":0,"menu_order":0,"comment_status":"closed","ping_status":"closed","template":"","meta":{"footnotes":""},"class_list":["post-21","page","type-page","status-publish"],"_links":{"self":[{"href":"https:\/\/menpieces.com\/pl\/wp-json\/wp\/v2\/pages\/21","targetHints":{"allow":["GET"]}}],"collection":[{"href":"https:\/\/menpieces.com\/pl\/wp-json\/wp\/v2\/pages"}],"about":[{"href":"https:\/\/menpieces.com\/pl\/wp-json\/wp\/v2\/types\/page"}],"author":[{"embeddable":true,"href":"https:\/\/menpieces.com\/pl\/wp-json\/wp\/v2\/users\/1"}],"replies":[{"embeddable":true,"href":"https:\/\/menpieces.com\/pl\/wp-json\/wp\/v2\/comments?post=21"}],"version-history":[{"count":1,"href":"https:\/\/menpieces.com\/pl\/wp-json\/wp\/v2\/pages\/21\/revisions"}],"predecessor-version":[{"id":492,"href":"https:\/\/menpieces.com\/pl\/wp-json\/wp\/v2\/pages\/21\/revisions\/492"}],"wp:attachment":[{"href":"https:\/\/menpieces.com\/pl\/wp-json\/wp\/v2\/media?parent=21"}],"curies":[{"name":"wp","href":"https:\/\/api.w.org\/{rel}","templated":true}]}}