{"id":21,"date":"2022-02-02T11:03:46","date_gmt":"2022-02-02T11:03:46","guid":{"rendered":"https:\/\/menpieces.com\/?page_id=21"},"modified":"2022-03-21T07:27:39","modified_gmt":"2022-03-21T07:27:39","slug":"about-us","status":"publish","type":"page","link":"https:\/\/menpieces.com\/tr\/about-us\/","title":{"rendered":"Bizim Hakk\u0131m\u0131zda"},"content":{"rendered":"<h3 id=\"men-pieces-erkek-ve-moda-stili-daha-iyi-bir-erkek-olmak-icin-kendini-birlestirir\" style=\"text-align: center;\">Men Pieces &#8211; Erkek ve Moda Stili daha iyi bir Erkek olmak i\u00e7in kendini birle\u015ftirir.<\/h3>\n<p><a href=\"https:\/\/menpieces.com\/\"><strong>MenPieces<\/strong><\/a>, tamamen erkek moda stilini geli\u015ftirmekle ilgilidir. Moda ile sadece her erke\u011fin k\u0131yafetlerini ve aksesuarlar\u0131n\u0131 giyerken iyi ve zarif g\u00f6r\u00fcnme l\u00fcks\u00fcn\u00fcn tad\u0131n\u0131 \u00e7\u0131karmas\u0131 gerekti\u011fini g\u00f6stermek istiyoruz. Erkeklerin ya\u015fa, duruma, mevsime ve gitmek istedikleri aktiviteye g\u00f6re kendilerini nas\u0131l \u015fekillendirmeleri gerekti\u011fini payla\u015fmak istiyoruz. Giyinirken rahat, kendinden emin ve keskin olmak erkek modas\u0131n\u0131n temel \u00f6zelli\u011fidir.<\/p>\n<p><a href=\"https:\/\/menpieces.com\/\"><strong>MenPieces<\/strong><\/a>, yeni moda par\u00e7alar\u0131 denemek isteyen erkekleri g\u00f6r\u00fcn\u00fcmleriyle kar\u0131\u015ft\u0131rmadan erkek giyim modas\u0131 ve ya\u015fam tarz\u0131na y\u00f6nelik i\u00e7erikler payla\u015fmay\u0131 hedefliyor. Erkeklerin en son modas\u0131n\u0131, al\u0131\u015fveri\u015fini ve gard\u0131robunda zaten sahip olduklar\u0131n\u0131z\u0131 nas\u0131l kar\u0131\u015ft\u0131r\u0131p e\u015fle\u015ftirece\u011finizi ele alaca\u011f\u0131z. Ka\u00e7 ya\u015f\u0131nda olursan\u0131z olun, sadece se\u00e7enekleri ke\u015ffederek size ger\u00e7ekten uygun olan\u0131 bulacaks\u0131n\u0131z.<\/p>\n<p><a href=\"https:\/\/menpieces.com\/\"><em>MenPieces.com<\/em><\/a> blog yaz\u0131lar\u0131nda klasik <em><strong>erkek giyim<\/strong><\/em>, <em><strong>ayakkab\u0131<\/strong><\/em>, <em><strong>saat<\/strong><\/em>, <em><strong>aksesuar<\/strong><\/em> ve stil yer alacak. Erkek Giyim, Ceket, Mont, G\u00f6mlek, Pantolon, Ayakkab\u0131, Saat, \u00c7anta, Aksesuar ve daha fazlas\u0131yla erkek stilini ve nas\u0131l rahat ve keskin g\u00f6r\u00fcnebileceklerini geli\u015ftirmek.<\/p>\n","protected":false},"excerpt":{"rendered":"<p>Men Pieces &#8211; Erkek ve Moda Stili daha iyi bir Erkek olmak i\u00e7in kendini birle\u015ftirir. MenPieces, tamamen erkek moda stilini geli\u015ftirmekle ilgilidir. Moda ile sadece her erke\u011fin k\u0131yafetlerini ve aksesuarlar\u0131n\u0131&hellip;<\/p>\n","protected":false},"author":1,"featured_media":0,"parent":0,"menu_order":0,"comment_status":"closed","ping_status":"closed","template":"","meta":{"footnotes":""},"class_list":["post-21","page","type-page","status-publish"],"_links":{"self":[{"href":"https:\/\/menpieces.com\/tr\/wp-json\/wp\/v2\/pages\/21","targetHints":{"allow":["GET"]}}],"collection":[{"href":"https:\/\/menpieces.com\/tr\/wp-json\/wp\/v2\/pages"}],"about":[{"href":"https:\/\/menpieces.com\/tr\/wp-json\/wp\/v2\/types\/page"}],"author":[{"embeddable":true,"href":"https:\/\/menpieces.com\/tr\/wp-json\/wp\/v2\/users\/1"}],"replies":[{"embeddable":true,"href":"https:\/\/menpieces.com\/tr\/wp-json\/wp\/v2\/comments?post=21"}],"version-history":[{"count":6,"href":"https:\/\/menpieces.com\/tr\/wp-json\/wp\/v2\/pages\/21\/revisions"}],"predecessor-version":[{"id":390,"href":"https:\/\/menpieces.com\/tr\/wp-json\/wp\/v2\/pages\/21\/revisions\/390"}],"wp:attachment":[{"href":"https:\/\/menpieces.com\/tr\/wp-json\/wp\/v2\/media?parent=21"}],"curies":[{"name":"wp","href":"https:\/\/api.w.org\/{rel}","templated":true}]}}